{"id":3536,"date":"2025-10-17T00:04:03","date_gmt":"2025-10-16T21:04:03","guid":{"rendered":"https:\/\/www.veganmess.ee\/?page_id=3536"},"modified":"2025-10-17T00:39:23","modified_gmt":"2025-10-16T21:39:23","slug":"taimetoidumess-2017-22psl4","status":"publish","type":"page","link":"https:\/\/veganmess.ee\/en\/taimetoidumess-2017-22psl4\/","title":{"rendered":"Taimetoidumess-2017"},"content":{"rendered":"<div data-elementor-type=\"wp-page\" data-elementor-id=\"3536\" class=\"elementor elementor-3536\" data-elementor-post-type=\"page\">\n\t\t\t\t<div class=\"elementor-element elementor-element-6a51f39 e-flex e-con-boxed e-con e-parent\" data-id=\"6a51f39\" data-element_type=\"container\" data-e-type=\"container\">\n\t\t\t\t\t<div class=\"e-con-inner\">\n\t\t<div class=\"elementor-element elementor-element-4a39790 e-con-full e-flex e-con e-child\" data-id=\"4a39790\" data-element_type=\"container\" data-e-type=\"container\">\n\t\t\t\t<div class=\"elementor-element elementor-element-2934de4 elementor-widget__width-inherit elementor-invisible elementor-widget elementor-widget-heading\" data-id=\"2934de4\" data-element_type=\"widget\" data-e-type=\"widget\" data-settings=\"{&quot;_animation&quot;:&quot;fadeIn&quot;,&quot;_animation_delay&quot;:600}\" data-widget_type=\"heading.default\">\n\t\t\t\t\t<h1 class=\"elementor-heading-title elementor-size-default\">taimetoidumess 2017<\/h1>\t\t\t\t<\/div>\n\t\t\t\t<div class=\"elementor-element elementor-element-067492c elementor-invisible elementor-widget elementor-widget-text-editor\" data-id=\"067492c\" data-element_type=\"widget\" data-e-type=\"widget\" data-settings=\"{&quot;_animation&quot;:&quot;fadeIn&quot;,&quot;_animation_delay&quot;:800}\" data-widget_type=\"text-editor.default\">\n\t\t\t\t\t\t\t\t\t<p>J\u00e4rjekorras juba seitsmes Taimetoidumess toimus teistkordselt Kultuurikatlas. Eelmise aasta kitsikusest \u00f5ppinuina v\u00f5eti 2017. aastal esmakordselt kasutusele ka Kultuurikatla suurim saal, Black Box. Ettev\u00f5tteid ja organisatsioone kutsuti veidi alla saja, et k\u00fclalistel j\u00e4\u00e4ks ruumi jalutada ning messiboksidele ligi p\u00e4\u00e4seda. Publiku huvi oli taaskord suur ning 5 000 k\u00fclastajaga p\u00fcsitati uus rekord. Kuigi suurem pindala ja l\u00e4bim\u00f5eldum osalejate asendiplaan tagas v\u00e4iksema r\u00fcseluse, tuli siiski m\u00f5elda, kuidas edaspidi k\u00f5ik huvilised paremini \u00e4ra mahutada.<\/p><p>Kultuuriprogramm oli p\u00f5nev ja mitmekesine. Messi peaesineja on maailma \u00fcks tugevamaid mehi, Saksa p\u00e4ritolu Patrik Baboumian, The Vegan Badass! Esma- ja ainukordselt toimus peale messi Telliskivi Erinevate Tubade Klubis Taimetoidumessi j\u00e4relpidu. Kuna messi korraldamine on v\u00e4iksele vabatahtlike tiimile erakordselt kurnav, siis j\u00e4relpeoks olid korraldajate akud t\u00e4iesti t\u00fchjad ning seet\u00f5ttu ei ole neid rohkem peetud.<\/p><p>\u00a0<\/p><p><strong>Vastus rists\u00f5nale: PATRIK BABOUMIAN<\/strong><\/p>\t\t\t\t\t\t\t\t<\/div>\n\t\t\t\t<div class=\"elementor-element elementor-element-ff0d1e7 elementor-invisible elementor-widget elementor-widget-text-editor\" data-id=\"ff0d1e7\" data-element_type=\"widget\" data-e-type=\"widget\" data-settings=\"{&quot;_animation&quot;:&quot;fadeIn&quot;,&quot;_animation_delay&quot;:200}\" data-widget_type=\"text-editor.default\">\n\t\t\t\t\t\t\t\t\t<p style=\"text-align: left;\"><b>Soovid v\u00f5ita 150 euro v\u00e4\u00e4rtuses vegantooteid?<\/b><\/p><ol><li style=\"text-align: left;\">V\u00f5ta infolauast Ajakiri Vegan ja otsi sealt \u00fcles Veganmessi Aaretejahi rists\u00f5na.<\/li><li style=\"text-align: left;\">Lahendused k\u00fcsimustele leiad sk\u00e4nneerides Kultuurikatla seintel ripuvatelt plakatitelt QR-koode.<\/li><li style=\"text-align: left;\">Kirjuta vastus oma kontaktandmetega rists\u00f5na allnurgas olevasse kastikesse ja rebi see v\u00e4lja.<\/li><li style=\"text-align: left;\">Postita vastus infolauas olevasse kinkekarpi.<\/li><li style=\"text-align: left;\">V\u00f5itjaga v\u00f5tame peale messi \u00fchendust.<\/li><\/ol>\t\t\t\t\t\t\t\t<\/div>\n\t\t\t\t<\/div>\n\t\t\t\t\t<\/div>\n\t\t\t\t<\/div>\n\t\t\t\t<\/div>","protected":false},"excerpt":{"rendered":"<p>taimetoidumess 2017 J\u00e4rjekorras juba seitsmes Taimetoidumess toimus teistkordselt Kultuurikatlas. Eelmise aasta kitsikusest \u00f5ppinuina v\u00f5eti 2017. aastal esmakordselt kasutusele ka Kultuurikatla suurim saal, Black Box. Ettev\u00f5tteid ja organisatsioone kutsuti veidi alla saja, et k\u00fclalistel j\u00e4\u00e4ks ruumi jalutada ning messiboksidele ligi p\u00e4\u00e4seda. Publiku huvi oli taaskord suur ning 5 000 k\u00fclastajaga p\u00fcsitati uus rekord. Kuigi suurem pindala [&hellip;]<\/p>\n","protected":false},"author":1,"featured_media":0,"parent":0,"menu_order":0,"comment_status":"closed","ping_status":"closed","template":"","meta":{"content-type":"","footnotes":""},"class_list":["post-3536","page","type-page","status-publish","hentry"],"_links":{"self":[{"href":"https:\/\/veganmess.ee\/en\/wp-json\/wp\/v2\/pages\/3536","targetHints":{"allow":["GET"]}}],"collection":[{"href":"https:\/\/veganmess.ee\/en\/wp-json\/wp\/v2\/pages"}],"about":[{"href":"https:\/\/veganmess.ee\/en\/wp-json\/wp\/v2\/types\/page"}],"author":[{"embeddable":true,"href":"https:\/\/veganmess.ee\/en\/wp-json\/wp\/v2\/users\/1"}],"replies":[{"embeddable":true,"href":"https:\/\/veganmess.ee\/en\/wp-json\/wp\/v2\/comments?post=3536"}],"version-history":[{"count":7,"href":"https:\/\/veganmess.ee\/en\/wp-json\/wp\/v2\/pages\/3536\/revisions"}],"predecessor-version":[{"id":3629,"href":"https:\/\/veganmess.ee\/en\/wp-json\/wp\/v2\/pages\/3536\/revisions\/3629"}],"wp:attachment":[{"href":"https:\/\/veganmess.ee\/en\/wp-json\/wp\/v2\/media?parent=3536"}],"curies":[{"name":"wp","href":"https:\/\/api.w.org\/{rel}","templated":true}]}}