{"id":3566,"date":"2025-10-17T00:15:17","date_gmt":"2025-10-16T21:15:17","guid":{"rendered":"https:\/\/www.veganmess.ee\/?page_id=3566"},"modified":"2025-10-17T00:41:09","modified_gmt":"2025-10-16T21:41:09","slug":"veganmess-2022-1nl43k","status":"publish","type":"page","link":"https:\/\/veganmess.ee\/en\/veganmess-2022-1nl43k\/","title":{"rendered":"Veganmess-2022"},"content":{"rendered":"<div data-elementor-type=\"wp-page\" data-elementor-id=\"3566\" class=\"elementor elementor-3566\" data-elementor-post-type=\"page\">\n\t\t\t\t<div class=\"elementor-element elementor-element-d1a9108 e-flex e-con-boxed e-con e-parent\" data-id=\"d1a9108\" data-element_type=\"container\" data-e-type=\"container\">\n\t\t\t\t\t<div class=\"e-con-inner\">\n\t\t<div class=\"elementor-element elementor-element-4c60ca9 e-con-full e-flex e-con e-child\" data-id=\"4c60ca9\" data-element_type=\"container\" data-e-type=\"container\">\n\t\t\t\t<div class=\"elementor-element elementor-element-b4098dc elementor-widget__width-inherit elementor-invisible elementor-widget elementor-widget-heading\" data-id=\"b4098dc\" data-element_type=\"widget\" data-e-type=\"widget\" data-settings=\"{&quot;_animation&quot;:&quot;fadeIn&quot;,&quot;_animation_delay&quot;:600}\" data-widget_type=\"heading.default\">\n\t\t\t\t\t<h1 class=\"elementor-heading-title elementor-size-default\">Veganmess 2022<\/h1>\t\t\t\t<\/div>\n\t\t\t\t<div class=\"elementor-element elementor-element-aa3ad8a elementor-invisible elementor-widget elementor-widget-text-editor\" data-id=\"aa3ad8a\" data-element_type=\"widget\" data-e-type=\"widget\" data-settings=\"{&quot;_animation&quot;:&quot;fadeIn&quot;,&quot;_animation_delay&quot;:800}\" data-widget_type=\"text-editor.default\">\n\t\t\t\t\t\t\t\t\t<p>2022. aasta m\u00e4rks\u00f5naks oli ettevaatlikkus. Eelmise aasta haavad olid vaevu paranenud ning teist korda ei juletud sellist optimismi enam \u00fcles n\u00e4idata. Otsustati, et riskide maandamiseks, viiakse suure Kultuurikatla asemel mess hoopis Noblessneri Valukotta. Kahe p\u00e4eva asemel otsustati \u00fchep\u00e4evase messi kasuks. Keegi lihtsalt ei s\u00f6andanud prognoosida selliseid k\u00fclastajate numbreid, nagu 2018. ja 2019. aastatel.<\/p><p>22. oktoober 2022 \u00fcllatas aga positiivselt. Kuigi k\u00fclastatavus j\u00e4i oluliselt alla rekordnumbritele, tuli sellel k\u00fclmal, aga p\u00e4ikselisel p\u00e4eval Noblessnerisse \u00fcle 2 700 inimese. See oli palju suurem kui oodati ning taas tuli rinda pista r\u00fcselemise probleemiga. See p\u00e4ikseline p\u00e4ev oma suhteliselt suure publikuhulgaga andis korraldajatele h\u00e4davajalikku energiat, et messi korraldamisega ikka edasi minna.<\/p><p>\u00a0<\/p><p><strong>Vastus rists\u00f5nale: NOBLESSNERI VALUKOJAS<\/strong><\/p>\t\t\t\t\t\t\t\t<\/div>\n\t\t\t\t<div class=\"elementor-element elementor-element-051b43f elementor-invisible elementor-widget elementor-widget-text-editor\" data-id=\"051b43f\" data-element_type=\"widget\" data-e-type=\"widget\" data-settings=\"{&quot;_animation&quot;:&quot;fadeIn&quot;,&quot;_animation_delay&quot;:200}\" data-widget_type=\"text-editor.default\">\n\t\t\t\t\t\t\t\t\t<p style=\"text-align: left;\"><b>Soovid v\u00f5ita 150 euro v\u00e4\u00e4rtuses vegantooteid?<\/b><\/p><ol><li style=\"text-align: left;\">V\u00f5ta infolauast Ajakiri Vegan ja otsi sealt \u00fcles Veganmessi Aaretejahi rists\u00f5na.<\/li><li style=\"text-align: left;\">Lahendused k\u00fcsimustele leiad sk\u00e4nneerides Kultuurikatla seintel ripuvatelt plakatitelt QR-koode.<\/li><li style=\"text-align: left;\">Kirjuta vastus oma kontaktandmetega rists\u00f5na allnurgas olevasse kastikesse ja rebi see v\u00e4lja.<\/li><li style=\"text-align: left;\">Postita vastus infolauas olevasse kinkekarpi.<\/li><li style=\"text-align: left;\">V\u00f5itjaga v\u00f5tame peale messi \u00fchendust.<\/li><\/ol>\t\t\t\t\t\t\t\t<\/div>\n\t\t\t\t<\/div>\n\t\t\t\t\t<\/div>\n\t\t\t\t<\/div>\n\t\t\t\t<\/div>","protected":false},"excerpt":{"rendered":"<p>Veganmess 2022 2022. aasta m\u00e4rks\u00f5naks oli ettevaatlikkus. Eelmise aasta haavad olid vaevu paranenud ning teist korda ei juletud sellist optimismi enam \u00fcles n\u00e4idata. Otsustati, et riskide maandamiseks, viiakse suure Kultuurikatla asemel mess hoopis Noblessneri Valukotta. Kahe p\u00e4eva asemel otsustati \u00fchep\u00e4evase messi kasuks. Keegi lihtsalt ei s\u00f6andanud prognoosida selliseid k\u00fclastajate numbreid, nagu 2018. ja 2019. aastatel. [&hellip;]<\/p>\n","protected":false},"author":1,"featured_media":0,"parent":0,"menu_order":0,"comment_status":"closed","ping_status":"closed","template":"","meta":{"content-type":"","footnotes":""},"class_list":["post-3566","page","type-page","status-publish","hentry"],"_links":{"self":[{"href":"https:\/\/veganmess.ee\/en\/wp-json\/wp\/v2\/pages\/3566","targetHints":{"allow":["GET"]}}],"collection":[{"href":"https:\/\/veganmess.ee\/en\/wp-json\/wp\/v2\/pages"}],"about":[{"href":"https:\/\/veganmess.ee\/en\/wp-json\/wp\/v2\/types\/page"}],"author":[{"embeddable":true,"href":"https:\/\/veganmess.ee\/en\/wp-json\/wp\/v2\/users\/1"}],"replies":[{"embeddable":true,"href":"https:\/\/veganmess.ee\/en\/wp-json\/wp\/v2\/comments?post=3566"}],"version-history":[{"count":7,"href":"https:\/\/veganmess.ee\/en\/wp-json\/wp\/v2\/pages\/3566\/revisions"}],"predecessor-version":[{"id":3647,"href":"https:\/\/veganmess.ee\/en\/wp-json\/wp\/v2\/pages\/3566\/revisions\/3647"}],"wp:attachment":[{"href":"https:\/\/veganmess.ee\/en\/wp-json\/wp\/v2\/media?parent=3566"}],"curies":[{"name":"wp","href":"https:\/\/api.w.org\/{rel}","templated":true}]}}