{"id":3505,"date":"2025-10-16T23:48:37","date_gmt":"2025-10-16T20:48:37","guid":{"rendered":"https:\/\/www.veganmess.ee\/?page_id=3505"},"modified":"2025-10-17T00:38:04","modified_gmt":"2025-10-16T21:38:04","slug":"taimetoidumess-2012-dt59d3","status":"publish","type":"page","link":"https:\/\/veganmess.ee\/et\/taimetoidumess-2012-dt59d3\/","title":{"rendered":"Taimetoidumess-2012"},"content":{"rendered":"\t\t<div data-elementor-type=\"wp-page\" data-elementor-id=\"3505\" class=\"elementor elementor-3505\" data-elementor-post-type=\"page\">\n\t\t\t\t<div class=\"elementor-element elementor-element-4173d93 e-flex e-con-boxed e-con e-parent\" data-id=\"4173d93\" data-element_type=\"container\" data-e-type=\"container\">\n\t\t\t\t\t<div class=\"e-con-inner\">\n\t\t<div class=\"elementor-element elementor-element-216a26d e-con-full e-flex e-con e-child\" data-id=\"216a26d\" data-element_type=\"container\" data-e-type=\"container\">\n\t\t\t\t<div class=\"elementor-element elementor-element-a94f50f elementor-widget__width-inherit elementor-invisible elementor-widget elementor-widget-heading\" data-id=\"a94f50f\" data-element_type=\"widget\" data-e-type=\"widget\" data-settings=\"{&quot;_animation&quot;:&quot;fadeIn&quot;,&quot;_animation_delay&quot;:600}\" data-widget_type=\"heading.default\">\n\t\t\t\t\t<h1 class=\"elementor-heading-title elementor-size-default\">taimetoidumess 2012<\/h1>\t\t\t\t<\/div>\n\t\t\t\t<div class=\"elementor-element elementor-element-3d7d1d6 elementor-invisible elementor-widget elementor-widget-text-editor\" data-id=\"3d7d1d6\" data-element_type=\"widget\" data-e-type=\"widget\" data-settings=\"{&quot;_animation&quot;:&quot;fadeIn&quot;,&quot;_animation_delay&quot;:800}\" data-widget_type=\"text-editor.default\">\n\t\t\t\t\t\t\t\t\t<p>Esimese aasta suurest publikuhvist kannustatuna, v\u00f5eti 2012 aasta mess juba natukene suuremalt ette. Koost\u00f6\u00f6d tehti mitme veganorganisatsiooniga nagu n\u00e4iteks The Vegan Society and VegFund. Messi toetajate hulka suudeti tuua isegi nii suur br\u00e4nd nagu Alpro.<\/p>\n<p>Teine Taimetoidumess toimus Tornim\u00e4e \u00c4rikeskuse aatriumis ning koost\u00f6\u00f6s Swissoteliga n\u00e4idati filmi \u201cKavliga Skalpelli Vastu.\u201d Esimest korda toimus filmij\u00e4rgne vestlusring, mis pani alge sisukama programmi tekkimisele hilisematel messidel. Taimetoidumessi sloganiks j\u00e4i ka sel korral \u201cTeeme head &#8211; \u00fcks amps korraga!\u201d<\/p><p><br><\/p>\n<p><b>Vastus rists\u00f5nale: \u00dcKS AMPS KORRAGA<\/b><\/p>\t\t\t\t\t\t\t\t<\/div>\n\t\t\t\t<div class=\"elementor-element elementor-element-bf9462a elementor-invisible elementor-widget elementor-widget-text-editor\" data-id=\"bf9462a\" data-element_type=\"widget\" data-e-type=\"widget\" data-settings=\"{&quot;_animation&quot;:&quot;fadeIn&quot;,&quot;_animation_delay&quot;:200}\" data-widget_type=\"text-editor.default\">\n\t\t\t\t\t\t\t\t\t<p style=\"text-align: left;\"><b>Soovid v\u00f5ita 150 euro v\u00e4\u00e4rtuses vegantooteid?<\/b><\/p><ol><li style=\"text-align: left;\">V\u00f5ta infolauast Ajakiri Vegan ja otsi sealt \u00fcles Veganmessi Aaretejahi rists\u00f5na.<\/li><li style=\"text-align: left;\">Lahendused k\u00fcsimustele leiad sk\u00e4nneerides Kultuurikatla seintel ripuvatelt plakatitelt QR-koode.<\/li><li style=\"text-align: left;\">Kirjuta vastus oma kontaktandmetega rists\u00f5na allnurgas olevasse kastikesse ja rebi see v\u00e4lja.<\/li><li style=\"text-align: left;\">Postita vastus infolauas olevasse kinkekarpi.<\/li><li style=\"text-align: left;\">V\u00f5itjaga v\u00f5tame peale messi \u00fchendust.<\/li><\/ol>\t\t\t\t\t\t\t\t<\/div>\n\t\t\t\t<\/div>\n\t\t\t\t\t<\/div>\n\t\t\t\t<\/div>\n\t\t\t\t<\/div>\n\t\t","protected":false},"excerpt":{"rendered":"<p>taimetoidumess 2012 Esimese aasta suurest publikuhvist kannustatuna, v\u00f5eti 2012 aasta mess juba natukene suuremalt ette. Koost\u00f6\u00f6d tehti mitme veganorganisatsiooniga nagu n\u00e4iteks The Vegan Society and VegFund. Messi toetajate hulka suudeti tuua isegi nii suur br\u00e4nd nagu Alpro. Teine Taimetoidumess toimus Tornim\u00e4e \u00c4rikeskuse aatriumis ning koost\u00f6\u00f6s Swissoteliga n\u00e4idati filmi \u201cKavliga Skalpelli Vastu.\u201d Esimest korda toimus filmij\u00e4rgne [&hellip;]<\/p>\n","protected":false},"author":1,"featured_media":0,"parent":0,"menu_order":0,"comment_status":"closed","ping_status":"closed","template":"","meta":{"content-type":"","footnotes":""},"class_list":["post-3505","page","type-page","status-publish","hentry"],"_links":{"self":[{"href":"https:\/\/veganmess.ee\/et\/wp-json\/wp\/v2\/pages\/3505","targetHints":{"allow":["GET"]}}],"collection":[{"href":"https:\/\/veganmess.ee\/et\/wp-json\/wp\/v2\/pages"}],"about":[{"href":"https:\/\/veganmess.ee\/et\/wp-json\/wp\/v2\/types\/page"}],"author":[{"embeddable":true,"href":"https:\/\/veganmess.ee\/et\/wp-json\/wp\/v2\/users\/1"}],"replies":[{"embeddable":true,"href":"https:\/\/veganmess.ee\/et\/wp-json\/wp\/v2\/comments?post=3505"}],"version-history":[{"count":10,"href":"https:\/\/veganmess.ee\/et\/wp-json\/wp\/v2\/pages\/3505\/revisions"}],"predecessor-version":[{"id":3616,"href":"https:\/\/veganmess.ee\/et\/wp-json\/wp\/v2\/pages\/3505\/revisions\/3616"}],"wp:attachment":[{"href":"https:\/\/veganmess.ee\/et\/wp-json\/wp\/v2\/media?parent=3505"}],"curies":[{"name":"wp","href":"https:\/\/api.w.org\/{rel}","templated":true}]}}