{"id":3515,"date":"2025-10-16T23:54:40","date_gmt":"2025-10-16T20:54:40","guid":{"rendered":"https:\/\/www.veganmess.ee\/?page_id=3515"},"modified":"2025-10-17T00:38:28","modified_gmt":"2025-10-16T21:38:28","slug":"taimetoidumess-2014-q92yx5","status":"publish","type":"page","link":"https:\/\/veganmess.ee\/et\/taimetoidumess-2014-q92yx5\/","title":{"rendered":"Taimetoidumess-2014"},"content":{"rendered":"\t\t<div data-elementor-type=\"wp-page\" data-elementor-id=\"3515\" class=\"elementor elementor-3515\" data-elementor-post-type=\"page\">\n\t\t\t\t<div class=\"elementor-element elementor-element-d6f296c e-flex e-con-boxed e-con e-parent\" data-id=\"d6f296c\" data-element_type=\"container\" data-e-type=\"container\">\n\t\t\t\t\t<div class=\"e-con-inner\">\n\t\t<div class=\"elementor-element elementor-element-6121afe e-con-full e-flex e-con e-child\" data-id=\"6121afe\" data-element_type=\"container\" data-e-type=\"container\">\n\t\t\t\t<div class=\"elementor-element elementor-element-7567f8d elementor-widget__width-inherit elementor-invisible elementor-widget elementor-widget-heading\" data-id=\"7567f8d\" data-element_type=\"widget\" data-e-type=\"widget\" data-settings=\"{&quot;_animation&quot;:&quot;fadeIn&quot;,&quot;_animation_delay&quot;:600}\" data-widget_type=\"heading.default\">\n\t\t\t\t\t<h1 class=\"elementor-heading-title elementor-size-default\">taimetoidumess 2014<\/h1>\t\t\t\t<\/div>\n\t\t\t\t<div class=\"elementor-element elementor-element-0949f03 elementor-invisible elementor-widget elementor-widget-text-editor\" data-id=\"0949f03\" data-element_type=\"widget\" data-e-type=\"widget\" data-settings=\"{&quot;_animation&quot;:&quot;fadeIn&quot;,&quot;_animation_delay&quot;:800}\" data-widget_type=\"text-editor.default\">\n\t\t\t\t\t\t\t\t\t<p>2014. aasta Taimetoidumessi toimumispaigaks valiti Mustika Keskus. Osalejate arv kasvas pea 20% ja \u00fcletas 50 piiri. K\u00fclastajaid oli juba tuhandeid. Selleaastane vestlusring viidi l\u00e4bi Rahva Raamatu kaupluses ning k\u00fclas olid kokaraamatute autorid.<\/p><p>Messi korraldajateks olid Eesti Vegan Seltsi, MT\u00dc Loomuse, liikumise Loomade Nimel ja Eesti Loomakaitse Seltsi vabatahtlikud. Esimest korda liitus 2014. aastal vabatahtlike meeskonnaga t\u00e4na v\u00e4rskelt peakorraldaja p\u00fckstesse h\u00fcpanud Jesper, kes messi korraldamisse tublisti panustades tassis kaubikust Mustika Keskusesse tervelt kaks lauda.<\/p><p>\u00a0<\/p><p><b>Vastus rists\u00f5nale: TASSIS KAKS LAUDA<\/b><\/p>\t\t\t\t\t\t\t\t<\/div>\n\t\t\t\t<div class=\"elementor-element elementor-element-7f2dba3 elementor-invisible elementor-widget elementor-widget-text-editor\" data-id=\"7f2dba3\" data-element_type=\"widget\" data-e-type=\"widget\" data-settings=\"{&quot;_animation&quot;:&quot;fadeIn&quot;,&quot;_animation_delay&quot;:200}\" data-widget_type=\"text-editor.default\">\n\t\t\t\t\t\t\t\t\t<p style=\"text-align: left;\"><b>Soovid v\u00f5ita 150 euro v\u00e4\u00e4rtuses vegantooteid?<\/b><\/p><ol><li style=\"text-align: left;\">V\u00f5ta infolauast Ajakiri Vegan ja otsi sealt \u00fcles Veganmessi Aaretejahi rists\u00f5na.<\/li><li style=\"text-align: left;\">Lahendused k\u00fcsimustele leiad sk\u00e4nneerides Kultuurikatla seintel ripuvatelt plakatitelt QR-koode.<\/li><li style=\"text-align: left;\">Kirjuta vastus oma kontaktandmetega rists\u00f5na allnurgas olevasse kastikesse ja rebi see v\u00e4lja.<\/li><li style=\"text-align: left;\">Postita vastus infolauas olevasse kinkekarpi.<\/li><li style=\"text-align: left;\">V\u00f5itjaga v\u00f5tame peale messi \u00fchendust.<\/li><\/ol>\t\t\t\t\t\t\t\t<\/div>\n\t\t\t\t<\/div>\n\t\t\t\t\t<\/div>\n\t\t\t\t<\/div>\n\t\t\t\t<\/div>\n\t\t","protected":false},"excerpt":{"rendered":"<p>taimetoidumess 2014 2014. aasta Taimetoidumessi toimumispaigaks valiti Mustika Keskus. Osalejate arv kasvas pea 20% ja \u00fcletas 50 piiri. K\u00fclastajaid oli juba tuhandeid. Selleaastane vestlusring viidi l\u00e4bi Rahva Raamatu kaupluses ning k\u00fclas olid kokaraamatute autorid. Messi korraldajateks olid Eesti Vegan Seltsi, MT\u00dc Loomuse, liikumise Loomade Nimel ja Eesti Loomakaitse Seltsi vabatahtlikud. Esimest korda liitus 2014. aastal [&hellip;]<\/p>\n","protected":false},"author":1,"featured_media":0,"parent":0,"menu_order":0,"comment_status":"closed","ping_status":"closed","template":"","meta":{"content-type":"","footnotes":""},"class_list":["post-3515","page","type-page","status-publish","hentry"],"_links":{"self":[{"href":"https:\/\/veganmess.ee\/et\/wp-json\/wp\/v2\/pages\/3515","targetHints":{"allow":["GET"]}}],"collection":[{"href":"https:\/\/veganmess.ee\/et\/wp-json\/wp\/v2\/pages"}],"about":[{"href":"https:\/\/veganmess.ee\/et\/wp-json\/wp\/v2\/types\/page"}],"author":[{"embeddable":true,"href":"https:\/\/veganmess.ee\/et\/wp-json\/wp\/v2\/users\/1"}],"replies":[{"embeddable":true,"href":"https:\/\/veganmess.ee\/et\/wp-json\/wp\/v2\/comments?post=3515"}],"version-history":[{"count":10,"href":"https:\/\/veganmess.ee\/et\/wp-json\/wp\/v2\/pages\/3515\/revisions"}],"predecessor-version":[{"id":3619,"href":"https:\/\/veganmess.ee\/et\/wp-json\/wp\/v2\/pages\/3515\/revisions\/3619"}],"wp:attachment":[{"href":"https:\/\/veganmess.ee\/et\/wp-json\/wp\/v2\/media?parent=3515"}],"curies":[{"name":"wp","href":"https:\/\/api.w.org\/{rel}","templated":true}]}}